{"id":9396,"date":"2023-01-04T17:45:20","date_gmt":"2023-01-04T17:45:20","guid":{"rendered":"http:\/\/polythrona.rs\/indoor\/"},"modified":"2024-06-18T10:24:30","modified_gmt":"2024-06-18T10:24:30","slug":"indoor","status":"publish","type":"page","link":"https:\/\/polythrona.rs\/en\/indoor\/","title":{"rendered":"Indoor"},"content":{"rendered":"<section class=\"wpb-content-wrapper\"><p>[vc_row][vc_column width=&#8221;1\/3&#8243;][vc_column_text]<\/p>\n<h1><strong>Indoor<\/strong> Polythrona<br \/>\nfurniture<\/h1>\n<p><a class=\"dt-pswp-item\" href=\"http:\/\/polythrona.rs\/wp-content\/uploads\/2023\/02\/line.jpg\" data-dt-img-description=\"\" data-large_image_width=\"100\" data-large_image_height=\"7\"><img loading=\"lazy\" decoding=\"async\" class=\"alignnone size-full wp-image-1760\" src=\"http:\/\/polythrona.rs\/wp-content\/uploads\/2023\/02\/line.jpg\" alt=\"\" width=\"100\" height=\"7\" \/><\/a><\/p>\n<p>The ideal pieces of furniture for restaurants, bars, cafes, as well as hotels and business spaces, can be found inside Polythrona indoor catalog. We offer high-quality furniture that will make your stay pleasant . Combining finely crafted wood and our materials, we guarantee durability. We regularly update our range, adding new modern furniture designs to our offerings.[\/vc_column_text][\/vc_column][vc_column width=&#8221;2\/3&#8243;][vc_column_text]<a class=\"dt-pswp-item\" href=\"http:\/\/polythrona.rs\/wp-content\/uploads\/2023\/02\/indoor-polythrona.jpg\" data-dt-img-description=\"\" data-large_image_width=\"1280\" data-large_image_height=\"640\"><img loading=\"lazy\" decoding=\"async\" class=\"alignnone size-full wp-image-1758\" src=\"http:\/\/polythrona.rs\/wp-content\/uploads\/2023\/02\/indoor-polythrona.jpg\" alt=\"\" width=\"1280\" height=\"640\" srcset=\"https:\/\/polythrona.rs\/wp-content\/uploads\/2023\/02\/indoor-polythrona.jpg 1280w, https:\/\/polythrona.rs\/wp-content\/uploads\/2023\/02\/indoor-polythrona-300x150.jpg 300w, https:\/\/polythrona.rs\/wp-content\/uploads\/2023\/02\/indoor-polythrona-1024x512.jpg 1024w, https:\/\/polythrona.rs\/wp-content\/uploads\/2023\/02\/indoor-polythrona-768x384.jpg 768w\" sizes=\"auto, (max-width: 1280px) 100vw, 1280px\" \/><\/a>[\/vc_column_text][\/vc_column][\/vc_row][vc_row][vc_column width=&#8221;1\/4&#8243; css=&#8221;.vc_custom_1675944607692{border-top-width: 1px !important;border-right-width: 1px !important;border-bottom-width: 1px !important;border-left-width: 1px !important;border-left-color: #1a969f !important;border-right-color: #1a969f !important;border-top-color: #1a969f !important;border-bottom-color: #1a969f !important;border-radius: 10px !important;}&#8221;][vc_single_image image=&#8221;1719&#8243; img_size=&#8221;full&#8221; alignment=&#8221;center&#8221; onclick=&#8221;custom_link&#8221; css_animation=&#8221;fadeInDown&#8221; link=&#8221;http:\/\/polythrona.rs\/en\/indoor\/chairs-and-armchairs\/&#8221; css=&#8221;.vc_custom_1707479565057{border-top-width: 1px !important;border-right-width: 1px !important;border-bottom-width: 1px !important;border-left-width: 1px !important;border-left-color: #1a969f !important;border-left-style: solid !important;border-right-color: #1a969f !important;border-right-style: solid !important;border-top-color: #1a969f !important;border-top-style: solid !important;border-bottom-color: #1a969f !important;border-bottom-style: solid !important;border-radius: 2px !important;}&#8221;][vc_column_text css=&#8221;.vc_custom_1707479578156{margin-top: -35px !important;padding-top: 10px !important;padding-right: 10px !important;padding-bottom: 10px !important;padding-left: 10px !important;background-color: #1a969f !important;}&#8221;]<\/p>\n<h4 style=\"text-align: center;\"><span style=\"color: #ffffff;\"><a style=\"color: #ffffff;\" href=\"http:\/\/polythrona.rs\/en\/indoor\/chairs-and-armchairs\/\">CHAIRS AND ARMCHAIRS<\/a><\/span><\/h4>\n<p>[\/vc_column_text][\/vc_column][vc_column width=&#8221;1\/4&#8243; css=&#8221;.vc_custom_1675944723385{border-top-width: 1px !important;border-right-width: 1px !important;border-bottom-width: 1px !important;border-left-width: 1px !important;border-left-color: #1a969f !important;border-right-color: #1a969f !important;border-top-color: #1a969f !important;border-bottom-color: #1a969f !important;border-radius: 10px !important;}&#8221;][vc_single_image image=&#8221;1256&#8243; img_size=&#8221;full&#8221; alignment=&#8221;center&#8221; onclick=&#8221;custom_link&#8221; css_animation=&#8221;fadeInDown&#8221; link=&#8221;http:\/\/polythrona.rs\/en\/indoor\/barstools\/&#8221; css=&#8221;.vc_custom_1707479600914{border-top-width: 1px !important;border-right-width: 1px !important;border-bottom-width: 1px !important;border-left-width: 1px !important;border-left-color: #1a969f !important;border-left-style: solid !important;border-right-color: #1a969f !important;border-right-style: solid !important;border-top-color: #1a969f !important;border-top-style: solid !important;border-bottom-color: #1a969f !important;border-bottom-style: solid !important;border-radius: 2px !important;}&#8221;][vc_column_text css=&#8221;.vc_custom_1707479617581{margin-top: -35px !important;padding-top: 10px !important;padding-right: 10px !important;padding-bottom: 10px !important;padding-left: 10px !important;background-color: #1a969f !important;}&#8221;]<\/p>\n<h4 style=\"text-align: center;\"><span style=\"color: #ffffff;\"><a style=\"color: #ffffff;\" href=\"http:\/\/polythrona.rs\/en\/indoor\/barstools\/\">BARSTOOLS<\/a><\/span><\/h4>\n<p>[\/vc_column_text][\/vc_column][vc_column width=&#8221;1\/4&#8243; css=&#8221;.vc_custom_1675944717820{border-top-width: 1px !important;border-right-width: 1px !important;border-bottom-width: 1px !important;border-left-width: 1px !important;border-left-color: #1a969f !important;border-right-color: #1a969f !important;border-top-color: #1a969f !important;border-bottom-color: #1a969f !important;border-radius: 10px !important;}&#8221;][vc_single_image image=&#8221;1413&#8243; img_size=&#8221;full&#8221; alignment=&#8221;center&#8221; onclick=&#8221;custom_link&#8221; css_animation=&#8221;fadeInDown&#8221; link=&#8221;http:\/\/polythrona.rs\/en\/indoor\/office-chairs\/&#8221; css=&#8221;.vc_custom_1717505441681{border-top-width: 1px !important;border-right-width: 1px !important;border-bottom-width: 1px !important;border-left-width: 1px !important;border-left-color: #1a969f !important;border-left-style: solid !important;border-right-color: #1a969f !important;border-right-style: solid !important;border-top-color: #1a969f !important;border-top-style: solid !important;border-bottom-color: #1a969f !important;border-bottom-style: solid !important;border-radius: 2px !important;}&#8221;][vc_column_text css=&#8221;.vc_custom_1717505436307{margin-top: -35px !important;padding-top: 10px !important;padding-right: 10px !important;padding-bottom: 10px !important;padding-left: 10px !important;background-color: #1a969f !important;}&#8221;]<\/p>\n<h4 style=\"text-align: center;\"><span style=\"color: #ffffff;\"><a style=\"color: #ffffff;\" href=\"http:\/\/polythrona.rs\/en\/indoor\/office-chairs\/\">OFFICE CHAIRS<\/a><\/span><\/h4>\n<p>[\/vc_column_text][\/vc_column][vc_column width=&#8221;1\/4&#8243; css=&#8221;.vc_custom_1675945656567{border-top-width: 1px !important;border-right-width: 1px !important;border-bottom-width: 1px !important;border-left-width: 1px !important;border-left-color: #1a969f !important;border-right-color: #1a969f !important;border-top-color: #1a969f !important;border-bottom-color: #1a969f !important;border-radius: 10px !important;}&#8221;][vc_single_image image=&#8221;1138&#8243; img_size=&#8221;full&#8221; alignment=&#8221;center&#8221; onclick=&#8221;custom_link&#8221; css_animation=&#8221;fadeInDown&#8221; link=&#8221;http:\/\/polythrona.rs\/en\/indoor\/lounge\/&#8221; css=&#8221;.vc_custom_1717505471609{border-top-width: 1px !important;border-right-width: 1px !important;border-bottom-width: 1px !important;border-left-width: 1px !important;border-left-color: #1a969f !important;border-left-style: solid !important;border-right-color: #1a969f !important;border-right-style: solid !important;border-top-color: #1a969f !important;border-top-style: solid !important;border-bottom-color: #1a969f !important;border-bottom-style: solid !important;border-radius: 2px !important;}&#8221;][vc_column_text css=&#8221;.vc_custom_1717505466289{margin-top: -35px !important;padding-top: 10px !important;padding-right: 10px !important;padding-bottom: 10px !important;padding-left: 10px !important;background-color: #1a969f !important;}&#8221;]<\/p>\n<h4 style=\"text-align: center;\"><span style=\"color: #ffffff;\"><a style=\"color: #ffffff;\" href=\"http:\/\/polythrona.rs\/en\/indoor\/lounge\/\">LOUNGE<\/a><\/span><\/h4>\n<p>[\/vc_column_text][\/vc_column][\/vc_row][vc_row][vc_column width=&#8221;1\/4&#8243; css=&#8221;.vc_custom_1675944607692{border-top-width: 1px !important;border-right-width: 1px !important;border-bottom-width: 1px !important;border-left-width: 1px !important;border-left-color: #1a969f !important;border-right-color: #1a969f !important;border-top-color: #1a969f !important;border-bottom-color: #1a969f !important;border-radius: 10px !important;}&#8221;][vc_single_image image=&#8221;1978&#8243; img_size=&#8221;full&#8221; alignment=&#8221;center&#8221; onclick=&#8221;custom_link&#8221; css_animation=&#8221;fadeInDown&#8221; link=&#8221;http:\/\/polythrona.rs\/en\/indoor\/sofas\/&#8221; css=&#8221;.vc_custom_1717505532725{border-top-width: 1px !important;border-right-width: 1px !important;border-bottom-width: 1px !important;border-left-width: 1px !important;border-left-color: #1a969f !important;border-left-style: solid !important;border-right-color: #1a969f !important;border-right-style: solid !important;border-top-color: #1a969f !important;border-top-style: solid !important;border-bottom-color: #1a969f !important;border-bottom-style: solid !important;border-radius: 2px !important;}&#8221;][vc_column_text css=&#8221;.vc_custom_1718706227005{margin-top: -35px !important;padding-top: 10px !important;padding-right: 10px !important;padding-bottom: 10px !important;padding-left: 10px !important;background-color: #1a969f !important;}&#8221;]<\/p>\n<h4 style=\"text-align: center;\"><span style=\"color: #ffffff;\"><a style=\"color: #ffffff;\" href=\"http:\/\/polythrona.rs\/en\/indoor\/sofas\/\">SOFAS<\/a><\/span><\/h4>\n<p>[\/vc_column_text][\/vc_column][vc_column width=&#8221;1\/4&#8243; css=&#8221;.vc_custom_1675944717820{border-top-width: 1px !important;border-right-width: 1px !important;border-bottom-width: 1px !important;border-left-width: 1px !important;border-left-color: #1a969f !important;border-right-color: #1a969f !important;border-top-color: #1a969f !important;border-bottom-color: #1a969f !important;border-radius: 10px !important;}&#8221;][vc_single_image image=&#8221;1990&#8243; img_size=&#8221;full&#8221; alignment=&#8221;center&#8221; onclick=&#8221;custom_link&#8221; css_animation=&#8221;fadeInDown&#8221; link=&#8221;http:\/\/polythrona.rs\/en\/indoor\/pouf\/&#8221; css=&#8221;.vc_custom_1717505561925{border-top-width: 1px !important;border-right-width: 1px !important;border-bottom-width: 1px !important;border-left-width: 1px !important;border-left-color: #1a969f !important;border-left-style: solid !important;border-right-color: #1a969f !important;border-right-style: solid !important;border-top-color: #1a969f !important;border-top-style: solid !important;border-bottom-color: #1a969f !important;border-bottom-style: solid !important;border-radius: 2px !important;}&#8221;][vc_column_text css=&#8221;.vc_custom_1718706261140{margin-top: -35px !important;padding-top: 10px !important;padding-right: 10px !important;padding-bottom: 10px !important;padding-left: 10px !important;background-color: #1a969f !important;}&#8221;]<\/p>\n<h4 style=\"text-align: center;\"><span style=\"color: #ffffff;\"><a style=\"color: #ffffff;\" href=\"http:\/\/polythrona.rs\/en\/indoor\/pouf\/\">POUF<\/a><\/span><\/h4>\n<p>[\/vc_column_text][\/vc_column][vc_column width=&#8221;1\/4&#8243; css=&#8221;.vc_custom_1675944723385{border-top-width: 1px !important;border-right-width: 1px !important;border-bottom-width: 1px !important;border-left-width: 1px !important;border-left-color: #1a969f !important;border-right-color: #1a969f !important;border-top-color: #1a969f !important;border-bottom-color: #1a969f !important;border-radius: 10px !important;}&#8221;][vc_single_image image=&#8221;1995&#8243; img_size=&#8221;full&#8221; alignment=&#8221;center&#8221; onclick=&#8221;custom_link&#8221; css_animation=&#8221;fadeInDown&#8221; link=&#8221;http:\/\/polythrona.rs\/en\/indoor\/console\/&#8221; css=&#8221;.vc_custom_1717505639649{border-top-width: 1px !important;border-right-width: 1px !important;border-bottom-width: 1px !important;border-left-width: 1px !important;border-left-color: #1a969f !important;border-left-style: solid !important;border-right-color: #1a969f !important;border-right-style: solid !important;border-top-color: #1a969f !important;border-top-style: solid !important;border-bottom-color: #1a969f !important;border-bottom-style: solid !important;border-radius: 2px !important;}&#8221;][vc_column_text css=&#8221;.vc_custom_1717505634362{margin-top: -35px !important;padding-top: 10px !important;padding-right: 10px !important;padding-bottom: 10px !important;padding-left: 10px !important;background-color: #1a969f !important;}&#8221;]<\/p>\n<h4 style=\"text-align: center;\"><span style=\"color: #ffffff;\"><a style=\"color: #ffffff;\" href=\"http:\/\/polythrona.rs\/en\/indoor\/console\/\">CONSOLE<\/a><\/span><\/h4>\n<p>[\/vc_column_text][\/vc_column][vc_column width=&#8221;1\/4&#8243; css=&#8221;.vc_custom_1675945656567{border-top-width: 1px !important;border-right-width: 1px !important;border-bottom-width: 1px !important;border-left-width: 1px !important;border-left-color: #1a969f !important;border-right-color: #1a969f !important;border-top-color: #1a969f !important;border-bottom-color: #1a969f !important;border-radius: 10px !important;}&#8221;][vc_single_image image=&#8221;1997&#8243; img_size=&#8221;full&#8221; alignment=&#8221;center&#8221; onclick=&#8221;custom_link&#8221; css_animation=&#8221;fadeInDown&#8221; link=&#8221;http:\/\/polythrona.rs\/en\/indoor\/tables\/&#8221; css=&#8221;.vc_custom_1717505706891{border-top-width: 1px !important;border-right-width: 1px !important;border-bottom-width: 1px !important;border-left-width: 1px !important;border-left-color: #1a969f !important;border-left-style: solid !important;border-right-color: #1a969f !important;border-right-style: solid !important;border-top-color: #1a969f !important;border-top-style: solid !important;border-bottom-color: #1a969f !important;border-bottom-style: solid !important;border-radius: 2px !important;}&#8221;][vc_column_text css=&#8221;.vc_custom_1717505701543{margin-top: -35px !important;padding-top: 10px !important;padding-right: 10px !important;padding-bottom: 10px !important;padding-left: 10px !important;background-color: #1a969f !important;}&#8221;]<\/p>\n<h4 style=\"text-align: center;\"><span style=\"color: #ffffff;\"><a style=\"color: #ffffff;\" href=\"http:\/\/polythrona.rs\/en\/indoor\/tables\/\">TABLES <\/a><\/span><\/h4>\n<p>[\/vc_column_text][\/vc_column][\/vc_row][vc_row][vc_column width=&#8221;1\/4&#8243; css=&#8221;.vc_custom_1675944607692{border-top-width: 1px !important;border-right-width: 1px !important;border-bottom-width: 1px !important;border-left-width: 1px !important;border-left-color: #1a969f !important;border-right-color: #1a969f !important;border-top-color: #1a969f !important;border-bottom-color: #1a969f !important;border-radius: 10px !important;}&#8221;][vc_single_image image=&#8221;2001&#8243; img_size=&#8221;full&#8221; alignment=&#8221;center&#8221; onclick=&#8221;custom_link&#8221; css_animation=&#8221;fadeInDown&#8221; link=&#8221;http:\/\/polythrona.rs\/en\/indoor\/complementary-products\/&#8221; css=&#8221;.vc_custom_1717505677020{border-top-width: 1px !important;border-right-width: 1px !important;border-bottom-width: 1px !important;border-left-width: 1px !important;border-left-color: #1a969f !important;border-left-style: solid !important;border-right-color: #1a969f !important;border-right-style: solid !important;border-top-color: #1a969f !important;border-top-style: solid !important;border-bottom-color: #1a969f !important;border-bottom-style: solid !important;border-radius: 2px !important;}&#8221;][vc_column_text css=&#8221;.vc_custom_1717505671377{margin-top: -35px !important;padding-top: 10px !important;padding-right: 10px !important;padding-bottom: 10px !important;padding-left: 10px !important;background-color: #1a969f !important;}&#8221;]<\/p>\n<h4 style=\"text-align: center;\"><span style=\"color: #ffffff;\"><a style=\"color: #ffffff;\" href=\"http:\/\/polythrona.rs\/en\/indoor\/complementary-products\/\">COMPLEMENTARY PRODUCTS<\/a><\/span><\/h4>\n<p>[\/vc_column_text][\/vc_column][vc_column width=&#8221;1\/4&#8243; css=&#8221;.vc_custom_1675944717820{border-top-width: 1px !important;border-right-width: 1px !important;border-bottom-width: 1px !important;border-left-width: 1px !important;border-left-color: #1a969f !important;border-right-color: #1a969f !important;border-top-color: #1a969f !important;border-bottom-color: #1a969f !important;border-radius: 10px !important;}&#8221;][\/vc_column][vc_column width=&#8221;1\/4&#8243; css=&#8221;.vc_custom_1675944723385{border-top-width: 1px !important;border-right-width: 1px !important;border-bottom-width: 1px !important;border-left-width: 1px !important;border-left-color: #1a969f !important;border-right-color: #1a969f !important;border-top-color: #1a969f !important;border-bottom-color: #1a969f !important;border-radius: 10px !important;}&#8221;][\/vc_column][vc_column width=&#8221;1\/4&#8243; css=&#8221;.vc_custom_1675945656567{border-top-width: 1px !important;border-right-width: 1px !important;border-bottom-width: 1px !important;border-left-width: 1px !important;border-left-color: #1a969f !important;border-right-color: #1a969f !important;border-top-color: #1a969f !important;border-bottom-color: #1a969f !important;border-radius: 10px !important;}&#8221;][\/vc_column][\/vc_row]<\/p>\n<\/section>","protected":false},"excerpt":{"rendered":"<p>[vc_row][vc_column width=&#8221;1\/3&#8243;][vc_column_text] Indoor Polythrona furniture The ideal pieces of furniture for restaurants, bars, cafes, as well as hotels and business spaces, can be found inside Polythrona indoor catalog. We offer high-quality furniture that will make your stay pleasant . Combining finely crafted wood and our materials, we guarantee durability. We regularly update our range, adding&hellip;<\/p>\n","protected":false},"author":1,"featured_media":0,"parent":0,"menu_order":0,"comment_status":"closed","ping_status":"closed","template":"","meta":{"footnotes":""},"class_list":["post-9396","page","type-page","status-publish","hentry","description-off"],"yoast_head":"<!-- This site is optimized with the Yoast SEO plugin v27.3 - https:\/\/yoast.com\/product\/yoast-seo-wordpress\/ -->\n<title>Indoor Polythrona name\u0161taj za ugostiteljske objekte, hotele<\/title>\n<meta name=\"description\" content=\"Idealni komadi name\u0161taja za restorane, barove, kafi\u0107e, kao i hotele i poslovne prostore, nalaze se upravo u Polythrona INDOOR katalogu.\" \/>\n<meta name=\"robots\" content=\"index, follow, max-snippet:-1, max-image-preview:large, max-video-preview:-1\" \/>\n<link rel=\"canonical\" href=\"https:\/\/polythrona.rs\/indoor\/\" \/>\n<meta property=\"og:locale\" content=\"en_US\" \/>\n<meta property=\"og:type\" content=\"article\" \/>\n<meta property=\"og:title\" content=\"Indoor Polythrona name\u0161taj za ugostiteljske objekte, hotele\" \/>\n<meta property=\"og:description\" content=\"Idealni komadi name\u0161taja za restorane, barove, kafi\u0107e, kao i hotele i poslovne prostore, nalaze se upravo u Polythrona INDOOR katalogu.\" \/>\n<meta property=\"og:url\" content=\"https:\/\/polythrona.rs\/indoor\/\" \/>\n<meta property=\"og:site_name\" content=\"Polythrona\" \/>\n<meta property=\"article:modified_time\" content=\"2024-06-18T10:24:30+00:00\" \/>\n<meta property=\"og:image\" content=\"http:\/\/polythrona.rs\/wp-content\/uploads\/2023\/02\/line.jpg\" \/>\n<meta name=\"twitter:card\" content=\"summary_large_image\" \/>\n<meta name=\"twitter:label1\" content=\"Est. reading time\" \/>\n\t<meta name=\"twitter:data1\" content=\"7 minutes\" \/>\n<script type=\"application\/ld+json\" class=\"yoast-schema-graph\">{\"@context\":\"https:\\\/\\\/schema.org\",\"@graph\":[{\"@type\":\"WebPage\",\"@id\":\"https:\\\/\\\/polythrona.rs\\\/indoor\\\/\",\"url\":\"https:\\\/\\\/polythrona.rs\\\/indoor\\\/\",\"name\":\"Indoor Polythrona name\u0161taj za ugostiteljske objekte, hotele\",\"isPartOf\":{\"@id\":\"https:\\\/\\\/polythrona.rs\\\/#website\"},\"primaryImageOfPage\":{\"@id\":\"https:\\\/\\\/polythrona.rs\\\/indoor\\\/#primaryimage\"},\"image\":{\"@id\":\"https:\\\/\\\/polythrona.rs\\\/indoor\\\/#primaryimage\"},\"thumbnailUrl\":\"http:\\\/\\\/polythrona.rs\\\/wp-content\\\/uploads\\\/2023\\\/02\\\/line.jpg\",\"datePublished\":\"2023-01-04T17:45:20+00:00\",\"dateModified\":\"2024-06-18T10:24:30+00:00\",\"description\":\"Idealni komadi name\u0161taja za restorane, barove, kafi\u0107e, kao i hotele i poslovne prostore, nalaze se upravo u Polythrona INDOOR katalogu.\",\"breadcrumb\":{\"@id\":\"https:\\\/\\\/polythrona.rs\\\/indoor\\\/#breadcrumb\"},\"inLanguage\":\"en-US\",\"potentialAction\":[{\"@type\":\"ReadAction\",\"target\":[\"https:\\\/\\\/polythrona.rs\\\/indoor\\\/\"]}]},{\"@type\":\"ImageObject\",\"inLanguage\":\"en-US\",\"@id\":\"https:\\\/\\\/polythrona.rs\\\/indoor\\\/#primaryimage\",\"url\":\"http:\\\/\\\/polythrona.rs\\\/wp-content\\\/uploads\\\/2023\\\/02\\\/line.jpg\",\"contentUrl\":\"http:\\\/\\\/polythrona.rs\\\/wp-content\\\/uploads\\\/2023\\\/02\\\/line.jpg\"},{\"@type\":\"BreadcrumbList\",\"@id\":\"https:\\\/\\\/polythrona.rs\\\/indoor\\\/#breadcrumb\",\"itemListElement\":[{\"@type\":\"ListItem\",\"position\":1,\"name\":\"Home\",\"item\":\"https:\\\/\\\/polythrona.rs\\\/en\\\/\"},{\"@type\":\"ListItem\",\"position\":2,\"name\":\"Indoor\"}]},{\"@type\":\"WebSite\",\"@id\":\"https:\\\/\\\/polythrona.rs\\\/#website\",\"url\":\"https:\\\/\\\/polythrona.rs\\\/\",\"name\":\"Polythrona\",\"description\":\"Visokvalitetni name\u0161taj Indoor i Outdoor\",\"potentialAction\":[{\"@type\":\"SearchAction\",\"target\":{\"@type\":\"EntryPoint\",\"urlTemplate\":\"https:\\\/\\\/polythrona.rs\\\/?s={search_term_string}\"},\"query-input\":{\"@type\":\"PropertyValueSpecification\",\"valueRequired\":true,\"valueName\":\"search_term_string\"}}],\"inLanguage\":\"en-US\"}]}<\/script>\n<!-- \/ Yoast SEO plugin. -->","yoast_head_json":{"title":"Indoor Polythrona name\u0161taj za ugostiteljske objekte, hotele","description":"Idealni komadi name\u0161taja za restorane, barove, kafi\u0107e, kao i hotele i poslovne prostore, nalaze se upravo u Polythrona INDOOR katalogu.","robots":{"index":"index","follow":"follow","max-snippet":"max-snippet:-1","max-image-preview":"max-image-preview:large","max-video-preview":"max-video-preview:-1"},"canonical":"https:\/\/polythrona.rs\/indoor\/","og_locale":"en_US","og_type":"article","og_title":"Indoor Polythrona name\u0161taj za ugostiteljske objekte, hotele","og_description":"Idealni komadi name\u0161taja za restorane, barove, kafi\u0107e, kao i hotele i poslovne prostore, nalaze se upravo u Polythrona INDOOR katalogu.","og_url":"https:\/\/polythrona.rs\/indoor\/","og_site_name":"Polythrona","article_modified_time":"2024-06-18T10:24:30+00:00","og_image":[{"url":"http:\/\/polythrona.rs\/wp-content\/uploads\/2023\/02\/line.jpg","type":"","width":"","height":""}],"twitter_card":"summary_large_image","twitter_misc":{"Est. reading time":"7 minutes"},"schema":{"@context":"https:\/\/schema.org","@graph":[{"@type":"WebPage","@id":"https:\/\/polythrona.rs\/indoor\/","url":"https:\/\/polythrona.rs\/indoor\/","name":"Indoor Polythrona name\u0161taj za ugostiteljske objekte, hotele","isPartOf":{"@id":"https:\/\/polythrona.rs\/#website"},"primaryImageOfPage":{"@id":"https:\/\/polythrona.rs\/indoor\/#primaryimage"},"image":{"@id":"https:\/\/polythrona.rs\/indoor\/#primaryimage"},"thumbnailUrl":"http:\/\/polythrona.rs\/wp-content\/uploads\/2023\/02\/line.jpg","datePublished":"2023-01-04T17:45:20+00:00","dateModified":"2024-06-18T10:24:30+00:00","description":"Idealni komadi name\u0161taja za restorane, barove, kafi\u0107e, kao i hotele i poslovne prostore, nalaze se upravo u Polythrona INDOOR katalogu.","breadcrumb":{"@id":"https:\/\/polythrona.rs\/indoor\/#breadcrumb"},"inLanguage":"en-US","potentialAction":[{"@type":"ReadAction","target":["https:\/\/polythrona.rs\/indoor\/"]}]},{"@type":"ImageObject","inLanguage":"en-US","@id":"https:\/\/polythrona.rs\/indoor\/#primaryimage","url":"http:\/\/polythrona.rs\/wp-content\/uploads\/2023\/02\/line.jpg","contentUrl":"http:\/\/polythrona.rs\/wp-content\/uploads\/2023\/02\/line.jpg"},{"@type":"BreadcrumbList","@id":"https:\/\/polythrona.rs\/indoor\/#breadcrumb","itemListElement":[{"@type":"ListItem","position":1,"name":"Home","item":"https:\/\/polythrona.rs\/en\/"},{"@type":"ListItem","position":2,"name":"Indoor"}]},{"@type":"WebSite","@id":"https:\/\/polythrona.rs\/#website","url":"https:\/\/polythrona.rs\/","name":"Polythrona","description":"Visokvalitetni name\u0161taj Indoor i Outdoor","potentialAction":[{"@type":"SearchAction","target":{"@type":"EntryPoint","urlTemplate":"https:\/\/polythrona.rs\/?s={search_term_string}"},"query-input":{"@type":"PropertyValueSpecification","valueRequired":true,"valueName":"search_term_string"}}],"inLanguage":"en-US"}]}},"_links":{"self":[{"href":"https:\/\/polythrona.rs\/en\/wp-json\/wp\/v2\/pages\/9396","targetHints":{"allow":["GET"]}}],"collection":[{"href":"https:\/\/polythrona.rs\/en\/wp-json\/wp\/v2\/pages"}],"about":[{"href":"https:\/\/polythrona.rs\/en\/wp-json\/wp\/v2\/types\/page"}],"author":[{"embeddable":true,"href":"https:\/\/polythrona.rs\/en\/wp-json\/wp\/v2\/users\/1"}],"replies":[{"embeddable":true,"href":"https:\/\/polythrona.rs\/en\/wp-json\/wp\/v2\/comments?post=9396"}],"version-history":[{"count":6,"href":"https:\/\/polythrona.rs\/en\/wp-json\/wp\/v2\/pages\/9396\/revisions"}],"predecessor-version":[{"id":11671,"href":"https:\/\/polythrona.rs\/en\/wp-json\/wp\/v2\/pages\/9396\/revisions\/11671"}],"wp:attachment":[{"href":"https:\/\/polythrona.rs\/en\/wp-json\/wp\/v2\/media?parent=9396"}],"curies":[{"name":"wp","href":"https:\/\/api.w.org\/{rel}","templated":true}]}}