{"id":9187,"date":"2022-11-23T21:39:44","date_gmt":"2022-11-23T21:39:44","guid":{"rendered":"http:\/\/polythrona.rs\/outdoor\/"},"modified":"2024-02-06T10:56:02","modified_gmt":"2024-02-06T10:56:02","slug":"outdoor","status":"publish","type":"page","link":"https:\/\/polythrona.rs\/en\/outdoor\/","title":{"rendered":"Outdoor"},"content":{"rendered":"<section class=\"wpb-content-wrapper\"><p>[vc_row][vc_column width=&#8221;1\/3&#8243;][vc_column_text]<\/p>\n<h1><strong>Outdoor<\/strong> Polythrona<br \/>\nFurniture<\/h1>\n<p><a class=\"dt-pswp-item\" href=\"http:\/\/polythrona.rs\/wp-content\/uploads\/2023\/02\/line.jpg\" data-dt-img-description=\"\" data-large_image_width=\"100\" data-large_image_height=\"7\"><img loading=\"lazy\" decoding=\"async\" class=\"alignnone size-full wp-image-1760\" src=\"http:\/\/polythrona.rs\/wp-content\/uploads\/2023\/02\/line.jpg\" alt=\"\" width=\"100\" height=\"7\" \/><\/a><\/p>\n<p>Our outdoor furniture selection will help you maximize the potential of your exterior.<\/p>\n<p>Chairs, loungers and sofas are designed to adapt to all weather conditions, providing both functionality and comfort.[\/vc_column_text][\/vc_column][vc_column width=&#8221;2\/3&#8243;][vc_column_text]<a class=\"dt-pswp-item\" href=\"http:\/\/polythrona.rs\/wp-content\/uploads\/2023\/02\/outdoor-polythrona.jpg\" data-dt-img-description=\"\" data-large_image_width=\"1280\" data-large_image_height=\"640\"><img loading=\"lazy\" decoding=\"async\" class=\"wp-image-1795 size-full aligncenter\" src=\"http:\/\/polythrona.rs\/wp-content\/uploads\/2023\/02\/outdoor-polythrona.jpg\" alt=\"\" width=\"1280\" height=\"640\" srcset=\"https:\/\/polythrona.rs\/wp-content\/uploads\/2023\/02\/outdoor-polythrona.jpg 1280w, https:\/\/polythrona.rs\/wp-content\/uploads\/2023\/02\/outdoor-polythrona-300x150.jpg 300w, https:\/\/polythrona.rs\/wp-content\/uploads\/2023\/02\/outdoor-polythrona-1024x512.jpg 1024w, https:\/\/polythrona.rs\/wp-content\/uploads\/2023\/02\/outdoor-polythrona-768x384.jpg 768w\" sizes=\"auto, (max-width: 1280px) 100vw, 1280px\" \/><\/a>[\/vc_column_text][\/vc_column][\/vc_row][vc_row][vc_column width=&#8221;1\/4&#8243; css=&#8221;.vc_custom_1675944607692{border-top-width: 1px !important;border-right-width: 1px !important;border-bottom-width: 1px !important;border-left-width: 1px !important;border-left-color: #1a969f !important;border-right-color: #1a969f !important;border-top-color: #1a969f !important;border-bottom-color: #1a969f !important;border-radius: 10px !important;}&#8221;][vc_single_image image=&#8221;2012&#8243; img_size=&#8221;full&#8221; alignment=&#8221;center&#8221; onclick=&#8221;custom_link&#8221; css_animation=&#8221;fadeInDown&#8221; link=&#8221;http:\/\/polythrona.rs\/en\/outdoor\/chairs-and-armchairs\/&#8221; css=&#8221;.vc_custom_1705611651485{border-top-width: 1px !important;border-right-width: 1px !important;border-bottom-width: 1px !important;border-left-width: 1px !important;border-left-color: #1a969f !important;border-left-style: solid !important;border-right-color: #1a969f !important;border-right-style: solid !important;border-top-color: #1a969f !important;border-top-style: solid !important;border-bottom-color: #1a969f !important;border-bottom-style: solid !important;border-radius: 2px !important;}&#8221;][vc_column_text css=&#8221;.vc_custom_1705611645001{margin-top: -35px !important;padding-top: 10px !important;padding-right: 10px !important;padding-bottom: 10px !important;padding-left: 10px !important;background-color: #1a969f !important;}&#8221;]<\/p>\n<h4 style=\"text-align: center;\"><span style=\"color: #ffffff;\"><a style=\"color: #ffffff;\" href=\"http:\/\/polythrona.rs\/en\/outdoor\/chairs-and-armchairs\/\">CHAIRS AND ARMCHAIRS<\/a><\/span><\/h4>\n<p>[\/vc_column_text][\/vc_column][vc_column width=&#8221;1\/4&#8243; css=&#8221;.vc_custom_1675944723385{border-top-width: 1px !important;border-right-width: 1px !important;border-bottom-width: 1px !important;border-left-width: 1px !important;border-left-color: #1a969f !important;border-right-color: #1a969f !important;border-top-color: #1a969f !important;border-bottom-color: #1a969f !important;border-radius: 10px !important;}&#8221;][vc_single_image image=&#8221;2017&#8243; img_size=&#8221;full&#8221; alignment=&#8221;center&#8221; onclick=&#8221;custom_link&#8221; css_animation=&#8221;fadeInDown&#8221; link=&#8221;http:\/\/polythrona.rs\/en\/outdoor\/barstools\/&#8221; css=&#8221;.vc_custom_1705611664813{border-top-width: 1px !important;border-right-width: 1px !important;border-bottom-width: 1px !important;border-left-width: 1px !important;border-left-color: #1a969f !important;border-left-style: solid !important;border-right-color: #1a969f !important;border-right-style: solid !important;border-top-color: #1a969f !important;border-top-style: solid !important;border-bottom-color: #1a969f !important;border-bottom-style: solid !important;border-radius: 2px !important;}&#8221;][vc_column_text css=&#8221;.vc_custom_1705611681984{margin-top: -35px !important;padding-top: 10px !important;padding-right: 10px !important;padding-bottom: 10px !important;padding-left: 10px !important;background-color: #1a969f !important;}&#8221;]<\/p>\n<h4 style=\"text-align: center;\"><span style=\"color: #ffffff;\"><a style=\"color: #ffffff;\" href=\"http:\/\/polythrona.rs\/en\/outdoor\/barstools\/\">BARSTOOLS<\/a><\/span><\/h4>\n<p>[\/vc_column_text][\/vc_column][vc_column width=&#8221;1\/4&#8243; css=&#8221;.vc_custom_1675945656567{border-top-width: 1px !important;border-right-width: 1px !important;border-bottom-width: 1px !important;border-left-width: 1px !important;border-left-color: #1a969f !important;border-right-color: #1a969f !important;border-top-color: #1a969f !important;border-bottom-color: #1a969f !important;border-radius: 10px !important;}&#8221;][vc_single_image image=&#8221;2024&#8243; img_size=&#8221;full&#8221; alignment=&#8221;center&#8221; onclick=&#8221;custom_link&#8221; css_animation=&#8221;fadeInDown&#8221; link=&#8221;http:\/\/polythrona.rs\/en\/outdoor\/lounge\/&#8221; css=&#8221;.vc_custom_1705611700736{border-top-width: 1px !important;border-right-width: 1px !important;border-bottom-width: 1px !important;border-left-width: 1px !important;border-left-color: #1a969f !important;border-left-style: solid !important;border-right-color: #1a969f !important;border-right-style: solid !important;border-top-color: #1a969f !important;border-top-style: solid !important;border-bottom-color: #1a969f !important;border-bottom-style: solid !important;border-radius: 2px !important;}&#8221;][vc_column_text css=&#8221;.vc_custom_1705611716471{margin-top: -35px !important;padding-top: 10px !important;padding-right: 10px !important;padding-bottom: 10px !important;padding-left: 10px !important;background-color: #1a969f !important;}&#8221;]<\/p>\n<h4 style=\"text-align: center;\"><span style=\"color: #ffffff;\"><a style=\"color: #ffffff;\" href=\"http:\/\/polythrona.rs\/en\/outdoor\/lounge\/\">LOUNGE<\/a><\/span><\/h4>\n<p>[\/vc_column_text][\/vc_column][vc_column width=&#8221;1\/4&#8243; css=&#8221;.vc_custom_1675944717820{border-top-width: 1px !important;border-right-width: 1px !important;border-bottom-width: 1px !important;border-left-width: 1px !important;border-left-color: #1a969f !important;border-right-color: #1a969f !important;border-top-color: #1a969f !important;border-bottom-color: #1a969f !important;border-radius: 10px !important;}&#8221;][vc_single_image image=&#8221;2029&#8243; img_size=&#8221;full&#8221; alignment=&#8221;center&#8221; onclick=&#8221;custom_link&#8221; css_animation=&#8221;fadeInDown&#8221; link=&#8221;http:\/\/polythrona.rs\/en\/outdoor\/2-seater\/&#8221; css=&#8221;.vc_custom_1705611762564{border-top-width: 1px !important;border-right-width: 1px !important;border-bottom-width: 1px !important;border-left-width: 1px !important;border-left-color: #1a969f !important;border-left-style: solid !important;border-right-color: #1a969f !important;border-right-style: solid !important;border-top-color: #1a969f !important;border-top-style: solid !important;border-bottom-color: #1a969f !important;border-bottom-style: solid !important;border-radius: 2px !important;}&#8221;][vc_column_text css=&#8221;.vc_custom_1705611748953{margin-top: -35px !important;padding-top: 10px !important;padding-right: 10px !important;padding-bottom: 10px !important;padding-left: 10px !important;background-color: #1a969f !important;}&#8221;]<\/p>\n<h4 style=\"text-align: center;\"><span style=\"color: #ffffff;\"><a style=\"color: #ffffff;\" href=\"http:\/\/polythrona.rs\/en\/outdoor\/2-seater\/\">2 SEATER<\/a><\/span><\/h4>\n<p>[\/vc_column_text][\/vc_column][\/vc_row][vc_row][vc_column width=&#8221;1\/4&#8243; css=&#8221;.vc_custom_1675945656567{border-top-width: 1px !important;border-right-width: 1px !important;border-bottom-width: 1px !important;border-left-width: 1px !important;border-left-color: #1a969f !important;border-right-color: #1a969f !important;border-top-color: #1a969f !important;border-bottom-color: #1a969f !important;border-radius: 10px !important;}&#8221;][vc_single_image image=&#8221;2032&#8243; img_size=&#8221;full&#8221; alignment=&#8221;center&#8221; onclick=&#8221;custom_link&#8221; css_animation=&#8221;fadeInDown&#8221; link=&#8221;http:\/\/polythrona.rs\/en\/outdoor\/3-seater\/&#8221; css=&#8221;.vc_custom_1705611776344{border-top-width: 1px !important;border-right-width: 1px !important;border-bottom-width: 1px !important;border-left-width: 1px !important;border-left-color: #1a969f !important;border-left-style: solid !important;border-right-color: #1a969f !important;border-right-style: solid !important;border-top-color: #1a969f !important;border-top-style: solid !important;border-bottom-color: #1a969f !important;border-bottom-style: solid !important;border-radius: 2px !important;}&#8221;][vc_column_text css=&#8221;.vc_custom_1705611793542{margin-top: -35px !important;padding-top: 10px !important;padding-right: 10px !important;padding-bottom: 10px !important;padding-left: 10px !important;background-color: #1a969f !important;}&#8221;]<\/p>\n<h4 style=\"text-align: center;\"><span style=\"color: #ffffff;\"><a style=\"color: #ffffff;\" href=\"http:\/\/polythrona.rs\/en\/outdoor\/3-seater\/\">3 SEATER<\/a><\/span><\/h4>\n<p>[\/vc_column_text][\/vc_column][vc_column width=&#8221;1\/4&#8243; css=&#8221;.vc_custom_1675944607692{border-top-width: 1px !important;border-right-width: 1px !important;border-bottom-width: 1px !important;border-left-width: 1px !important;border-left-color: #1a969f !important;border-right-color: #1a969f !important;border-top-color: #1a969f !important;border-bottom-color: #1a969f !important;border-radius: 10px !important;}&#8221;][vc_single_image image=&#8221;2034&#8243; img_size=&#8221;full&#8221; alignment=&#8221;center&#8221; onclick=&#8221;custom_link&#8221; css_animation=&#8221;fadeInDown&#8221; link=&#8221;http:\/\/polythrona.rs\/en\/outdoor\/outdoor-sets\/&#8221; css=&#8221;.vc_custom_1707216950802{border-top-width: 1px !important;border-right-width: 1px !important;border-bottom-width: 1px !important;border-left-width: 1px !important;border-left-color: #1a969f !important;border-left-style: solid !important;border-right-color: #1a969f !important;border-right-style: solid !important;border-top-color: #1a969f !important;border-top-style: solid !important;border-bottom-color: #1a969f !important;border-bottom-style: solid !important;border-radius: 2px !important;}&#8221;][vc_column_text css=&#8221;.vc_custom_1707216958870{margin-top: -35px !important;padding-top: 10px !important;padding-right: 10px !important;padding-bottom: 10px !important;padding-left: 10px !important;background-color: #1a969f !important;}&#8221;]<\/p>\n<h4 style=\"text-align: center;\"><span style=\"color: #ffffff;\"><a style=\"color: #ffffff;\" href=\"http:\/\/polythrona.rs\/en\/outdoor\/outdoor-sets\/\">OUTDOOR SETS<\/a><\/span><\/h4>\n<p>[\/vc_column_text][\/vc_column][vc_column width=&#8221;1\/4&#8243; css=&#8221;.vc_custom_1675944717820{border-top-width: 1px !important;border-right-width: 1px !important;border-bottom-width: 1px !important;border-left-width: 1px !important;border-left-color: #1a969f !important;border-right-color: #1a969f !important;border-top-color: #1a969f !important;border-bottom-color: #1a969f !important;border-radius: 10px !important;}&#8221;][vc_single_image image=&#8221;2038&#8243; img_size=&#8221;full&#8221; alignment=&#8221;center&#8221; onclick=&#8221;custom_link&#8221; css_animation=&#8221;fadeInDown&#8221; link=&#8221;http:\/\/polythrona.rs\/en\/outdoor\/sunbeds\/&#8221; css=&#8221;.vc_custom_1705611812940{border-top-width: 1px !important;border-right-width: 1px !important;border-bottom-width: 1px !important;border-left-width: 1px !important;border-left-color: #1a969f !important;border-left-style: solid !important;border-right-color: #1a969f !important;border-right-style: solid !important;border-top-color: #1a969f !important;border-top-style: solid !important;border-bottom-color: #1a969f !important;border-bottom-style: solid !important;border-radius: 2px !important;}&#8221;][vc_column_text css=&#8221;.vc_custom_1705611833294{margin-top: -35px !important;padding-top: 10px !important;padding-right: 10px !important;padding-bottom: 10px !important;padding-left: 10px !important;background-color: #1a969f !important;}&#8221;]<\/p>\n<h4 style=\"text-align: center;\"><span style=\"color: #ffffff;\"><a style=\"color: #ffffff;\" href=\"http:\/\/polythrona.rs\/en\/outdoor\/sunbeds\/\">SUNBEDS<\/a><\/span><\/h4>\n<p>[\/vc_column_text][\/vc_column][vc_column width=&#8221;1\/4&#8243; css=&#8221;.vc_custom_1675944723385{border-top-width: 1px !important;border-right-width: 1px !important;border-bottom-width: 1px !important;border-left-width: 1px !important;border-left-color: #1a969f !important;border-right-color: #1a969f !important;border-top-color: #1a969f !important;border-bottom-color: #1a969f !important;border-radius: 10px !important;}&#8221;][vc_single_image image=&#8221;2039&#8243; img_size=&#8221;full&#8221; alignment=&#8221;center&#8221; onclick=&#8221;custom_link&#8221; css_animation=&#8221;fadeInDown&#8221; link=&#8221;http:\/\/polythrona.rs\/en\/outdoor\/tables\/&#8221; css=&#8221;.vc_custom_1705611851086{border-top-width: 1px !important;border-right-width: 1px !important;border-bottom-width: 1px !important;border-left-width: 1px !important;border-left-color: #1a969f !important;border-left-style: solid !important;border-right-color: #1a969f !important;border-right-style: solid !important;border-top-color: #1a969f !important;border-top-style: solid !important;border-bottom-color: #1a969f !important;border-bottom-style: solid !important;border-radius: 2px !important;}&#8221;][vc_column_text css=&#8221;.vc_custom_1705611868014{margin-top: -35px !important;padding-top: 10px !important;padding-right: 10px !important;padding-bottom: 10px !important;padding-left: 10px !important;background-color: #1a969f !important;}&#8221;]<\/p>\n<h4 style=\"text-align: center;\"><span style=\"color: #ffffff;\"><a style=\"color: #ffffff;\" href=\"http:\/\/polythrona.rs\/en\/outdoor\/tables\/\">TABLES<\/a><\/span><\/h4>\n<p>[\/vc_column_text][\/vc_column][\/vc_row]<\/p>\n<\/section>","protected":false},"excerpt":{"rendered":"<p>[vc_row][vc_column width=&#8221;1\/3&#8243;][vc_column_text] Outdoor Polythrona Furniture Our outdoor furniture selection will help you maximize the potential of your exterior. Chairs, loungers and sofas are designed to adapt to all weather conditions, providing both functionality and comfort.[\/vc_column_text][\/vc_column][vc_column width=&#8221;2\/3&#8243;][vc_column_text][\/vc_column_text][\/vc_column][\/vc_row][vc_row][vc_column width=&#8221;1\/4&#8243; css=&#8221;.vc_custom_1675944607692{border-top-width: 1px !important;border-right-width: 1px !important;border-bottom-width: 1px !important;border-left-width: 1px !important;border-left-color: #1a969f !important;border-right-color: #1a969f !important;border-top-color: #1a969f !important;border-bottom-color: #1a969f !important;border-radius: 10px&hellip;<\/p>\n","protected":false},"author":1,"featured_media":0,"parent":0,"menu_order":0,"comment_status":"closed","ping_status":"closed","template":"","meta":{"footnotes":""},"class_list":["post-9187","page","type-page","status-publish","hentry","description-off"],"yoast_head":"<!-- This site is optimized with the Yoast SEO plugin v27.3 - https:\/\/yoast.com\/product\/yoast-seo-wordpress\/ -->\n<title>Ba\u0161tenski outdoor Polythrona name\u0161taj za hotele, restorane<\/title>\n<meta name=\"description\" content=\"Ba\u0161tenski name\u0161taj iz Polytrhona ponude pomo\u0107i \u0107e vam da maksimalno iskoristite potencijal va\u0161eg eksterijera.\" \/>\n<meta name=\"robots\" content=\"index, follow, max-snippet:-1, max-image-preview:large, max-video-preview:-1\" \/>\n<link rel=\"canonical\" href=\"https:\/\/polythrona.rs\/en\/outdoor\/\" \/>\n<meta property=\"og:locale\" content=\"en_US\" \/>\n<meta property=\"og:type\" content=\"article\" \/>\n<meta property=\"og:title\" content=\"Ba\u0161tenski outdoor Polythrona name\u0161taj za hotele, restorane\" \/>\n<meta property=\"og:description\" content=\"Ba\u0161tenski name\u0161taj iz Polytrhona ponude pomo\u0107i \u0107e vam da maksimalno iskoristite potencijal va\u0161eg eksterijera.\" \/>\n<meta property=\"og:url\" content=\"https:\/\/polythrona.rs\/en\/outdoor\/\" \/>\n<meta property=\"og:site_name\" content=\"Polythrona\" \/>\n<meta property=\"article:modified_time\" content=\"2024-02-06T10:56:02+00:00\" \/>\n<meta property=\"og:image\" content=\"http:\/\/polythrona.rs\/wp-content\/uploads\/2023\/02\/line.jpg\" \/>\n<meta name=\"twitter:card\" content=\"summary_large_image\" \/>\n<meta name=\"twitter:label1\" content=\"Est. reading time\" \/>\n\t<meta name=\"twitter:data1\" content=\"6 minutes\" \/>\n<script type=\"application\/ld+json\" class=\"yoast-schema-graph\">{\"@context\":\"https:\\\/\\\/schema.org\",\"@graph\":[{\"@type\":\"WebPage\",\"@id\":\"https:\\\/\\\/polythrona.rs\\\/en\\\/outdoor\\\/\",\"url\":\"https:\\\/\\\/polythrona.rs\\\/en\\\/outdoor\\\/\",\"name\":\"Ba\u0161tenski outdoor Polythrona name\u0161taj za hotele, restorane\",\"isPartOf\":{\"@id\":\"https:\\\/\\\/polythrona.rs\\\/#website\"},\"primaryImageOfPage\":{\"@id\":\"https:\\\/\\\/polythrona.rs\\\/en\\\/outdoor\\\/#primaryimage\"},\"image\":{\"@id\":\"https:\\\/\\\/polythrona.rs\\\/en\\\/outdoor\\\/#primaryimage\"},\"thumbnailUrl\":\"http:\\\/\\\/polythrona.rs\\\/wp-content\\\/uploads\\\/2023\\\/02\\\/line.jpg\",\"datePublished\":\"2022-11-23T21:39:44+00:00\",\"dateModified\":\"2024-02-06T10:56:02+00:00\",\"description\":\"Ba\u0161tenski name\u0161taj iz Polytrhona ponude pomo\u0107i \u0107e vam da maksimalno iskoristite potencijal va\u0161eg eksterijera.\",\"breadcrumb\":{\"@id\":\"https:\\\/\\\/polythrona.rs\\\/en\\\/outdoor\\\/#breadcrumb\"},\"inLanguage\":\"en-US\",\"potentialAction\":[{\"@type\":\"ReadAction\",\"target\":[\"https:\\\/\\\/polythrona.rs\\\/en\\\/outdoor\\\/\"]}]},{\"@type\":\"ImageObject\",\"inLanguage\":\"en-US\",\"@id\":\"https:\\\/\\\/polythrona.rs\\\/en\\\/outdoor\\\/#primaryimage\",\"url\":\"http:\\\/\\\/polythrona.rs\\\/wp-content\\\/uploads\\\/2023\\\/02\\\/line.jpg\",\"contentUrl\":\"http:\\\/\\\/polythrona.rs\\\/wp-content\\\/uploads\\\/2023\\\/02\\\/line.jpg\"},{\"@type\":\"BreadcrumbList\",\"@id\":\"https:\\\/\\\/polythrona.rs\\\/en\\\/outdoor\\\/#breadcrumb\",\"itemListElement\":[{\"@type\":\"ListItem\",\"position\":1,\"name\":\"Home\",\"item\":\"https:\\\/\\\/polythrona.rs\\\/en\\\/\"},{\"@type\":\"ListItem\",\"position\":2,\"name\":\"Outdoor\"}]},{\"@type\":\"WebSite\",\"@id\":\"https:\\\/\\\/polythrona.rs\\\/#website\",\"url\":\"https:\\\/\\\/polythrona.rs\\\/\",\"name\":\"Polythrona\",\"description\":\"Visokvalitetni name\u0161taj Indoor i Outdoor\",\"potentialAction\":[{\"@type\":\"SearchAction\",\"target\":{\"@type\":\"EntryPoint\",\"urlTemplate\":\"https:\\\/\\\/polythrona.rs\\\/?s={search_term_string}\"},\"query-input\":{\"@type\":\"PropertyValueSpecification\",\"valueRequired\":true,\"valueName\":\"search_term_string\"}}],\"inLanguage\":\"en-US\"}]}<\/script>\n<!-- \/ Yoast SEO plugin. -->","yoast_head_json":{"title":"Ba\u0161tenski outdoor Polythrona name\u0161taj za hotele, restorane","description":"Ba\u0161tenski name\u0161taj iz Polytrhona ponude pomo\u0107i \u0107e vam da maksimalno iskoristite potencijal va\u0161eg eksterijera.","robots":{"index":"index","follow":"follow","max-snippet":"max-snippet:-1","max-image-preview":"max-image-preview:large","max-video-preview":"max-video-preview:-1"},"canonical":"https:\/\/polythrona.rs\/en\/outdoor\/","og_locale":"en_US","og_type":"article","og_title":"Ba\u0161tenski outdoor Polythrona name\u0161taj za hotele, restorane","og_description":"Ba\u0161tenski name\u0161taj iz Polytrhona ponude pomo\u0107i \u0107e vam da maksimalno iskoristite potencijal va\u0161eg eksterijera.","og_url":"https:\/\/polythrona.rs\/en\/outdoor\/","og_site_name":"Polythrona","article_modified_time":"2024-02-06T10:56:02+00:00","og_image":[{"url":"http:\/\/polythrona.rs\/wp-content\/uploads\/2023\/02\/line.jpg","type":"","width":"","height":""}],"twitter_card":"summary_large_image","twitter_misc":{"Est. reading time":"6 minutes"},"schema":{"@context":"https:\/\/schema.org","@graph":[{"@type":"WebPage","@id":"https:\/\/polythrona.rs\/en\/outdoor\/","url":"https:\/\/polythrona.rs\/en\/outdoor\/","name":"Ba\u0161tenski outdoor Polythrona name\u0161taj za hotele, restorane","isPartOf":{"@id":"https:\/\/polythrona.rs\/#website"},"primaryImageOfPage":{"@id":"https:\/\/polythrona.rs\/en\/outdoor\/#primaryimage"},"image":{"@id":"https:\/\/polythrona.rs\/en\/outdoor\/#primaryimage"},"thumbnailUrl":"http:\/\/polythrona.rs\/wp-content\/uploads\/2023\/02\/line.jpg","datePublished":"2022-11-23T21:39:44+00:00","dateModified":"2024-02-06T10:56:02+00:00","description":"Ba\u0161tenski name\u0161taj iz Polytrhona ponude pomo\u0107i \u0107e vam da maksimalno iskoristite potencijal va\u0161eg eksterijera.","breadcrumb":{"@id":"https:\/\/polythrona.rs\/en\/outdoor\/#breadcrumb"},"inLanguage":"en-US","potentialAction":[{"@type":"ReadAction","target":["https:\/\/polythrona.rs\/en\/outdoor\/"]}]},{"@type":"ImageObject","inLanguage":"en-US","@id":"https:\/\/polythrona.rs\/en\/outdoor\/#primaryimage","url":"http:\/\/polythrona.rs\/wp-content\/uploads\/2023\/02\/line.jpg","contentUrl":"http:\/\/polythrona.rs\/wp-content\/uploads\/2023\/02\/line.jpg"},{"@type":"BreadcrumbList","@id":"https:\/\/polythrona.rs\/en\/outdoor\/#breadcrumb","itemListElement":[{"@type":"ListItem","position":1,"name":"Home","item":"https:\/\/polythrona.rs\/en\/"},{"@type":"ListItem","position":2,"name":"Outdoor"}]},{"@type":"WebSite","@id":"https:\/\/polythrona.rs\/#website","url":"https:\/\/polythrona.rs\/","name":"Polythrona","description":"Visokvalitetni name\u0161taj Indoor i Outdoor","potentialAction":[{"@type":"SearchAction","target":{"@type":"EntryPoint","urlTemplate":"https:\/\/polythrona.rs\/?s={search_term_string}"},"query-input":{"@type":"PropertyValueSpecification","valueRequired":true,"valueName":"search_term_string"}}],"inLanguage":"en-US"}]}},"_links":{"self":[{"href":"https:\/\/polythrona.rs\/en\/wp-json\/wp\/v2\/pages\/9187","targetHints":{"allow":["GET"]}}],"collection":[{"href":"https:\/\/polythrona.rs\/en\/wp-json\/wp\/v2\/pages"}],"about":[{"href":"https:\/\/polythrona.rs\/en\/wp-json\/wp\/v2\/types\/page"}],"author":[{"embeddable":true,"href":"https:\/\/polythrona.rs\/en\/wp-json\/wp\/v2\/users\/1"}],"replies":[{"embeddable":true,"href":"https:\/\/polythrona.rs\/en\/wp-json\/wp\/v2\/comments?post=9187"}],"version-history":[{"count":7,"href":"https:\/\/polythrona.rs\/en\/wp-json\/wp\/v2\/pages\/9187\/revisions"}],"predecessor-version":[{"id":9390,"href":"https:\/\/polythrona.rs\/en\/wp-json\/wp\/v2\/pages\/9187\/revisions\/9390"}],"wp:attachment":[{"href":"https:\/\/polythrona.rs\/en\/wp-json\/wp\/v2\/media?parent=9187"}],"curies":[{"name":"wp","href":"https:\/\/api.w.org\/{rel}","templated":true}]}}